{"id":751,"date":"2026-03-16T23:08:01","date_gmt":"2026-03-16T22:08:01","guid":{"rendered":"http:\/\/four-v2.website.qaserver.local\/?page_id=751"},"modified":"2026-03-16T23:09:42","modified_gmt":"2026-03-16T22:09:42","slug":"about-four","status":"publish","type":"page","link":"https:\/\/www.4frankfurt.de\/de\/about-four\/","title":{"rendered":"ABOUT FOUR"},"content":{"rendered":"","protected":false},"excerpt":{"rendered":"","protected":false},"author":6,"featured_media":0,"parent":0,"menu_order":0,"comment_status":"closed","ping_status":"closed","template":"","meta":{"_acf_changed":false,"footnotes":""},"class_list":["post-751","page","type-page","status-publish","hentry"],"acf":[],"yoast_head":"<!-- This site is optimized with the Yoast SEO plugin v27.1.1 - https:\/\/yoast.com\/product\/yoast-seo-wordpress\/ -->\n<title>FOUR FRANKFURT | ABOUT FOUR<\/title>\n<meta name=\"description\" content=\"Es ist Zeit, Mut zu zeigen. Eine positive Zukunftsvision zu entwickeln, statt die Gegenwart nur zu verwalten. FOUR steht f\u00fcr kompromisslose Urbanit\u00e4t, die europaweit neue Ma\u00dfst\u00e4be setzt. FOUR bricht mit der Monostruktur. In den vier T\u00fcrmen mischen sich Nutzungen wie Hotel, Serviced Apartments, Wohnungen und B\u00fcros. Zusammen mit den \u00f6ffentlichen Stadtpl\u00e4tzen und neuen Verbindungen zur City entsteht urbane Lebensqualit\u00e4t \u2013 nicht f\u00fcr einige wenige, sondern f\u00fcr jedermann. Inmitten der Skyline w\u00e4chst st\u00e4dtisches Flair: Lebe die Stadt.\" \/>\n<meta name=\"robots\" content=\"index, follow, max-snippet:-1, max-image-preview:large, max-video-preview:-1\" \/>\n<link rel=\"canonical\" href=\"https:\/\/www.4frankfurt.de\/de\/about-four\/\" \/>\n<meta property=\"og:locale\" content=\"de_DE\" \/>\n<meta property=\"og:type\" content=\"article\" \/>\n<meta property=\"og:title\" content=\"FOUR FRANKFURT | ABOUT FOUR\" \/>\n<meta property=\"og:description\" content=\"Es ist Zeit, Mut zu zeigen. Eine positive Zukunftsvision zu entwickeln, statt die Gegenwart nur zu verwalten. FOUR steht f\u00fcr kompromisslose Urbanit\u00e4t, die europaweit neue Ma\u00dfst\u00e4be setzt. FOUR bricht mit der Monostruktur. In den vier T\u00fcrmen mischen sich Nutzungen wie Hotel, Serviced Apartments, Wohnungen und B\u00fcros. Zusammen mit den \u00f6ffentlichen Stadtpl\u00e4tzen und neuen Verbindungen zur City entsteht urbane Lebensqualit\u00e4t \u2013 nicht f\u00fcr einige wenige, sondern f\u00fcr jedermann. Inmitten der Skyline w\u00e4chst st\u00e4dtisches Flair: Lebe die Stadt.\" \/>\n<meta property=\"og:url\" content=\"https:\/\/www.4frankfurt.de\/de\/about-four\/\" \/>\n<meta property=\"og:site_name\" content=\"FOUR FRANKFURT\" \/>\n<meta property=\"article:modified_time\" content=\"2026-03-16T22:09:42+00:00\" \/>\n<meta property=\"og:image\" content=\"https:\/\/www.4frankfurt.de\/wp-content\/uploads\/img-about-four-header-1920.jpg\" \/>\n\t<meta property=\"og:image:width\" content=\"1920\" \/>\n\t<meta property=\"og:image:height\" content=\"1200\" \/>\n\t<meta property=\"og:image:type\" content=\"image\/jpeg\" \/>\n<meta name=\"twitter:card\" content=\"summary_large_image\" \/>\n<meta name=\"twitter:title\" content=\"FOUR FRANKFURT | ABOUT FOUR\" \/>\n<meta name=\"twitter:description\" content=\"Es ist Zeit, Mut zu zeigen. Eine positive Zukunftsvision zu entwickeln, statt die Gegenwart nur zu verwalten. FOUR steht f\u00fcr kompromisslose Urbanit\u00e4t, die europaweit neue Ma\u00dfst\u00e4be setzt. FOUR bricht mit der Monostruktur. In den vier T\u00fcrmen mischen sich Nutzungen wie Hotel, Serviced Apartments, Wohnungen und B\u00fcros. Zusammen mit den \u00f6ffentlichen Stadtpl\u00e4tzen und neuen Verbindungen zur City entsteht urbane Lebensqualit\u00e4t \u2013 nicht f\u00fcr einige wenige, sondern f\u00fcr jedermann. Inmitten der Skyline w\u00e4chst st\u00e4dtisches Flair: Lebe die Stadt.\" \/>\n<meta name=\"twitter:image\" content=\"https:\/\/www.4frankfurt.de\/wp-content\/uploads\/img-about-four-header-1920.jpg\" \/>\n<script type=\"application\/ld+json\" class=\"yoast-schema-graph\">{\"@context\":\"https:\/\/schema.org\",\"@graph\":[{\"@type\":\"WebPage\",\"@id\":\"https:\/\/www.4frankfurt.de\/de\/about-four\/\",\"url\":\"https:\/\/www.4frankfurt.de\/de\/about-four\/\",\"name\":\"FOUR FRANKFURT | ABOUT FOUR\",\"isPartOf\":{\"@id\":\"https:\/\/www.4frankfurt.de\/en\/#website\"},\"datePublished\":\"2026-03-16T22:08:01+00:00\",\"dateModified\":\"2026-03-16T22:09:42+00:00\",\"description\":\"Es ist Zeit, Mut zu zeigen. Eine positive Zukunftsvision zu entwickeln, statt die Gegenwart nur zu verwalten. FOUR steht f\u00fcr kompromisslose Urbanit\u00e4t, die europaweit neue Ma\u00dfst\u00e4be setzt. FOUR bricht mit der Monostruktur. In den vier T\u00fcrmen mischen sich Nutzungen wie Hotel, Serviced Apartments, Wohnungen und B\u00fcros. Zusammen mit den \u00f6ffentlichen Stadtpl\u00e4tzen und neuen Verbindungen zur City entsteht urbane Lebensqualit\u00e4t \u2013 nicht f\u00fcr einige wenige, sondern f\u00fcr jedermann. Inmitten der Skyline w\u00e4chst st\u00e4dtisches Flair: Lebe die Stadt.\",\"breadcrumb\":{\"@id\":\"https:\/\/www.4frankfurt.de\/de\/about-four\/#breadcrumb\"},\"inLanguage\":\"de\",\"potentialAction\":[{\"@type\":\"ReadAction\",\"target\":[\"https:\/\/www.4frankfurt.de\/de\/about-four\/\"]}]},{\"@type\":\"BreadcrumbList\",\"@id\":\"https:\/\/www.4frankfurt.de\/de\/about-four\/#breadcrumb\",\"itemListElement\":[{\"@type\":\"ListItem\",\"position\":1,\"name\":\"Startseite\",\"item\":\"https:\/\/www.4frankfurt.de\/en\/\"},{\"@type\":\"ListItem\",\"position\":2,\"name\":\"ABOUT FOUR\"}]},{\"@type\":\"WebSite\",\"@id\":\"https:\/\/www.4frankfurt.de\/en\/#website\",\"url\":\"https:\/\/www.4frankfurt.de\/en\/\",\"name\":\"FOUR FRANKFURT\",\"description\":\"\",\"potentialAction\":[{\"@type\":\"SearchAction\",\"target\":{\"@type\":\"EntryPoint\",\"urlTemplate\":\"https:\/\/www.4frankfurt.de\/en\/?s={search_term_string}\"},\"query-input\":{\"@type\":\"PropertyValueSpecification\",\"valueRequired\":true,\"valueName\":\"search_term_string\"}}],\"inLanguage\":\"de\"}]}<\/script>\n<!-- \/ Yoast SEO plugin. -->","yoast_head_json":{"title":"FOUR FRANKFURT | ABOUT FOUR","description":"Es ist Zeit, Mut zu zeigen. Eine positive Zukunftsvision zu entwickeln, statt die Gegenwart nur zu verwalten. FOUR steht f\u00fcr kompromisslose Urbanit\u00e4t, die europaweit neue Ma\u00dfst\u00e4be setzt. FOUR bricht mit der Monostruktur. In den vier T\u00fcrmen mischen sich Nutzungen wie Hotel, Serviced Apartments, Wohnungen und B\u00fcros. Zusammen mit den \u00f6ffentlichen Stadtpl\u00e4tzen und neuen Verbindungen zur City entsteht urbane Lebensqualit\u00e4t \u2013 nicht f\u00fcr einige wenige, sondern f\u00fcr jedermann. Inmitten der Skyline w\u00e4chst st\u00e4dtisches Flair: Lebe die Stadt.","robots":{"index":"index","follow":"follow","max-snippet":"max-snippet:-1","max-image-preview":"max-image-preview:large","max-video-preview":"max-video-preview:-1"},"canonical":"https:\/\/www.4frankfurt.de\/de\/about-four\/","og_locale":"de_DE","og_type":"article","og_title":"FOUR FRANKFURT | ABOUT FOUR","og_description":"Es ist Zeit, Mut zu zeigen. Eine positive Zukunftsvision zu entwickeln, statt die Gegenwart nur zu verwalten. FOUR steht f\u00fcr kompromisslose Urbanit\u00e4t, die europaweit neue Ma\u00dfst\u00e4be setzt. FOUR bricht mit der Monostruktur. In den vier T\u00fcrmen mischen sich Nutzungen wie Hotel, Serviced Apartments, Wohnungen und B\u00fcros. Zusammen mit den \u00f6ffentlichen Stadtpl\u00e4tzen und neuen Verbindungen zur City entsteht urbane Lebensqualit\u00e4t \u2013 nicht f\u00fcr einige wenige, sondern f\u00fcr jedermann. Inmitten der Skyline w\u00e4chst st\u00e4dtisches Flair: Lebe die Stadt.","og_url":"https:\/\/www.4frankfurt.de\/de\/about-four\/","og_site_name":"FOUR FRANKFURT","article_modified_time":"2026-03-16T22:09:42+00:00","og_image":[{"width":1920,"height":1200,"url":"https:\/\/www.4frankfurt.de\/wp-content\/uploads\/img-about-four-header-1920.jpg","type":"image\/jpeg"}],"twitter_card":"summary_large_image","twitter_title":"FOUR FRANKFURT | ABOUT FOUR","twitter_description":"Es ist Zeit, Mut zu zeigen. Eine positive Zukunftsvision zu entwickeln, statt die Gegenwart nur zu verwalten. FOUR steht f\u00fcr kompromisslose Urbanit\u00e4t, die europaweit neue Ma\u00dfst\u00e4be setzt. FOUR bricht mit der Monostruktur. In den vier T\u00fcrmen mischen sich Nutzungen wie Hotel, Serviced Apartments, Wohnungen und B\u00fcros. Zusammen mit den \u00f6ffentlichen Stadtpl\u00e4tzen und neuen Verbindungen zur City entsteht urbane Lebensqualit\u00e4t \u2013 nicht f\u00fcr einige wenige, sondern f\u00fcr jedermann. Inmitten der Skyline w\u00e4chst st\u00e4dtisches Flair: Lebe die Stadt.","twitter_image":"https:\/\/www.4frankfurt.de\/wp-content\/uploads\/img-about-four-header-1920.jpg","schema":{"@context":"https:\/\/schema.org","@graph":[{"@type":"WebPage","@id":"https:\/\/www.4frankfurt.de\/de\/about-four\/","url":"https:\/\/www.4frankfurt.de\/de\/about-four\/","name":"FOUR FRANKFURT | ABOUT FOUR","isPartOf":{"@id":"https:\/\/www.4frankfurt.de\/en\/#website"},"datePublished":"2026-03-16T22:08:01+00:00","dateModified":"2026-03-16T22:09:42+00:00","description":"Es ist Zeit, Mut zu zeigen. Eine positive Zukunftsvision zu entwickeln, statt die Gegenwart nur zu verwalten. FOUR steht f\u00fcr kompromisslose Urbanit\u00e4t, die europaweit neue Ma\u00dfst\u00e4be setzt. FOUR bricht mit der Monostruktur. In den vier T\u00fcrmen mischen sich Nutzungen wie Hotel, Serviced Apartments, Wohnungen und B\u00fcros. Zusammen mit den \u00f6ffentlichen Stadtpl\u00e4tzen und neuen Verbindungen zur City entsteht urbane Lebensqualit\u00e4t \u2013 nicht f\u00fcr einige wenige, sondern f\u00fcr jedermann. Inmitten der Skyline w\u00e4chst st\u00e4dtisches Flair: Lebe die Stadt.","breadcrumb":{"@id":"https:\/\/www.4frankfurt.de\/de\/about-four\/#breadcrumb"},"inLanguage":"de","potentialAction":[{"@type":"ReadAction","target":["https:\/\/www.4frankfurt.de\/de\/about-four\/"]}]},{"@type":"BreadcrumbList","@id":"https:\/\/www.4frankfurt.de\/de\/about-four\/#breadcrumb","itemListElement":[{"@type":"ListItem","position":1,"name":"Startseite","item":"https:\/\/www.4frankfurt.de\/en\/"},{"@type":"ListItem","position":2,"name":"ABOUT FOUR"}]},{"@type":"WebSite","@id":"https:\/\/www.4frankfurt.de\/en\/#website","url":"https:\/\/www.4frankfurt.de\/en\/","name":"FOUR FRANKFURT","description":"","potentialAction":[{"@type":"SearchAction","target":{"@type":"EntryPoint","urlTemplate":"https:\/\/www.4frankfurt.de\/en\/?s={search_term_string}"},"query-input":{"@type":"PropertyValueSpecification","valueRequired":true,"valueName":"search_term_string"}}],"inLanguage":"de"}]}},"_links":{"self":[{"href":"https:\/\/www.4frankfurt.de\/de\/wp-json\/wp\/v2\/pages\/751","targetHints":{"allow":["GET"]}}],"collection":[{"href":"https:\/\/www.4frankfurt.de\/de\/wp-json\/wp\/v2\/pages"}],"about":[{"href":"https:\/\/www.4frankfurt.de\/de\/wp-json\/wp\/v2\/types\/page"}],"author":[{"embeddable":true,"href":"https:\/\/www.4frankfurt.de\/de\/wp-json\/wp\/v2\/users\/6"}],"replies":[{"embeddable":true,"href":"https:\/\/www.4frankfurt.de\/de\/wp-json\/wp\/v2\/comments?post=751"}],"version-history":[{"count":1,"href":"https:\/\/www.4frankfurt.de\/de\/wp-json\/wp\/v2\/pages\/751\/revisions"}],"predecessor-version":[{"id":752,"href":"https:\/\/www.4frankfurt.de\/de\/wp-json\/wp\/v2\/pages\/751\/revisions\/752"}],"wp:attachment":[{"href":"https:\/\/www.4frankfurt.de\/de\/wp-json\/wp\/v2\/media?parent=751"}],"curies":[{"name":"wp","href":"https:\/\/api.w.org\/{rel}","templated":true}]}}