{"id":784,"date":"2026-03-17T13:13:55","date_gmt":"2026-03-17T12:13:55","guid":{"rendered":"http:\/\/four-v2.website.qaserver.local\/?page_id=784"},"modified":"2026-03-17T13:13:55","modified_gmt":"2026-03-17T12:13:55","slug":"lage-umfeld","status":"publish","type":"page","link":"https:\/\/www.4frankfurt.de\/de\/lage-umfeld\/","title":{"rendered":"LAGE &#038; UMFELD"},"content":{"rendered":"","protected":false},"excerpt":{"rendered":"","protected":false},"author":6,"featured_media":0,"parent":0,"menu_order":0,"comment_status":"closed","ping_status":"closed","template":"","meta":{"_acf_changed":false,"footnotes":""},"class_list":["post-784","page","type-page","status-publish","hentry"],"acf":[],"yoast_head":"<!-- This site is optimized with the Yoast SEO plugin v27.1.1 - https:\/\/yoast.com\/product\/yoast-seo-wordpress\/ -->\n<title>FOUR FRANKFURT | LAGE &amp; UMFELD<\/title>\n<meta name=\"description\" content=\"Keine andere deutsche Metropole strebt so in die H\u00f6he. Die Frankfurter Skyline steht mitten im Weltgeschehen. Die deutsche Metropole bietet vielen Sprachen und Kulturen eine Heimat und bewahrt gleichzeitig das reiche Erbe einer mehr als 1.000 Jahre w\u00e4hrenden Geschichte. Frankfurt ist eine Gro\u00dfstadt, aber mit fu\u00dfl\u00e4ufigen Ausma\u00dfen. Ein Zuhause f\u00fcr Traditionalisten und Utopisten. Mit Altbekanntem, das sich immer wieder zu etwas Neuem f\u00fcgt. Aus Gegens\u00e4tzen w\u00e4chst hier eine Einheit.\" \/>\n<meta name=\"robots\" content=\"index, follow, max-snippet:-1, max-image-preview:large, max-video-preview:-1\" \/>\n<link rel=\"canonical\" href=\"https:\/\/www.4frankfurt.de\/de\/lage-umfeld\/\" \/>\n<meta property=\"og:locale\" content=\"de_DE\" \/>\n<meta property=\"og:type\" content=\"article\" \/>\n<meta property=\"og:title\" content=\"FOUR FRANKFURT | LAGE &amp; UMFELD\" \/>\n<meta property=\"og:description\" content=\"Keine andere deutsche Metropole strebt so in die H\u00f6he. Die Frankfurter Skyline steht mitten im Weltgeschehen. Die deutsche Metropole bietet vielen Sprachen und Kulturen eine Heimat und bewahrt gleichzeitig das reiche Erbe einer mehr als 1.000 Jahre w\u00e4hrenden Geschichte. Frankfurt ist eine Gro\u00dfstadt, aber mit fu\u00dfl\u00e4ufigen Ausma\u00dfen. Ein Zuhause f\u00fcr Traditionalisten und Utopisten. Mit Altbekanntem, das sich immer wieder zu etwas Neuem f\u00fcgt. Aus Gegens\u00e4tzen w\u00e4chst hier eine Einheit.\" \/>\n<meta property=\"og:url\" content=\"https:\/\/www.4frankfurt.de\/de\/lage-umfeld\/\" \/>\n<meta property=\"og:site_name\" content=\"FOUR FRANKFURT\" \/>\n<meta property=\"og:image\" content=\"https:\/\/www.4frankfurt.de\/wp-content\/uploads\/img-lage-header-1920.jpg\" \/>\n\t<meta property=\"og:image:width\" content=\"1920\" \/>\n\t<meta property=\"og:image:height\" content=\"1200\" \/>\n\t<meta property=\"og:image:type\" content=\"image\/jpeg\" \/>\n<meta name=\"twitter:card\" content=\"summary_large_image\" \/>\n<meta name=\"twitter:title\" content=\"FOUR FRANKFURT | LAGE &amp; UMFELD\" \/>\n<meta name=\"twitter:description\" content=\"Keine andere deutsche Metropole strebt so in die H\u00f6he. Die Frankfurter Skyline steht mitten im Weltgeschehen. Die deutsche Metropole bietet vielen Sprachen und Kulturen eine Heimat und bewahrt gleichzeitig das reiche Erbe einer mehr als 1.000 Jahre w\u00e4hrenden Geschichte. Frankfurt ist eine Gro\u00dfstadt, aber mit fu\u00dfl\u00e4ufigen Ausma\u00dfen. Ein Zuhause f\u00fcr Traditionalisten und Utopisten. Mit Altbekanntem, das sich immer wieder zu etwas Neuem f\u00fcgt. Aus Gegens\u00e4tzen w\u00e4chst hier eine Einheit.\" \/>\n<meta name=\"twitter:image\" content=\"https:\/\/www.4frankfurt.de\/wp-content\/uploads\/img-lage-header-1920.jpg\" \/>\n<script type=\"application\/ld+json\" class=\"yoast-schema-graph\">{\"@context\":\"https:\/\/schema.org\",\"@graph\":[{\"@type\":\"WebPage\",\"@id\":\"https:\/\/www.4frankfurt.de\/de\/lage-umfeld\/\",\"url\":\"https:\/\/www.4frankfurt.de\/de\/lage-umfeld\/\",\"name\":\"FOUR FRANKFURT | LAGE & UMFELD\",\"isPartOf\":{\"@id\":\"https:\/\/www.4frankfurt.de\/en\/#website\"},\"datePublished\":\"2026-03-17T12:13:55+00:00\",\"description\":\"Keine andere deutsche Metropole strebt so in die H\u00f6he. Die Frankfurter Skyline steht mitten im Weltgeschehen. Die deutsche Metropole bietet vielen Sprachen und Kulturen eine Heimat und bewahrt gleichzeitig das reiche Erbe einer mehr als 1.000 Jahre w\u00e4hrenden Geschichte. Frankfurt ist eine Gro\u00dfstadt, aber mit fu\u00dfl\u00e4ufigen Ausma\u00dfen. Ein Zuhause f\u00fcr Traditionalisten und Utopisten. Mit Altbekanntem, das sich immer wieder zu etwas Neuem f\u00fcgt. Aus Gegens\u00e4tzen w\u00e4chst hier eine Einheit.\",\"breadcrumb\":{\"@id\":\"https:\/\/www.4frankfurt.de\/de\/lage-umfeld\/#breadcrumb\"},\"inLanguage\":\"de\",\"potentialAction\":[{\"@type\":\"ReadAction\",\"target\":[\"https:\/\/www.4frankfurt.de\/de\/lage-umfeld\/\"]}]},{\"@type\":\"BreadcrumbList\",\"@id\":\"https:\/\/www.4frankfurt.de\/de\/lage-umfeld\/#breadcrumb\",\"itemListElement\":[{\"@type\":\"ListItem\",\"position\":1,\"name\":\"Startseite\",\"item\":\"https:\/\/www.4frankfurt.de\/en\/\"},{\"@type\":\"ListItem\",\"position\":2,\"name\":\"LAGE &#038; UMFELD\"}]},{\"@type\":\"WebSite\",\"@id\":\"https:\/\/www.4frankfurt.de\/en\/#website\",\"url\":\"https:\/\/www.4frankfurt.de\/en\/\",\"name\":\"FOUR FRANKFURT\",\"description\":\"\",\"potentialAction\":[{\"@type\":\"SearchAction\",\"target\":{\"@type\":\"EntryPoint\",\"urlTemplate\":\"https:\/\/www.4frankfurt.de\/en\/?s={search_term_string}\"},\"query-input\":{\"@type\":\"PropertyValueSpecification\",\"valueRequired\":true,\"valueName\":\"search_term_string\"}}],\"inLanguage\":\"de\"}]}<\/script>\n<!-- \/ Yoast SEO plugin. -->","yoast_head_json":{"title":"FOUR FRANKFURT | LAGE & UMFELD","description":"Keine andere deutsche Metropole strebt so in die H\u00f6he. Die Frankfurter Skyline steht mitten im Weltgeschehen. Die deutsche Metropole bietet vielen Sprachen und Kulturen eine Heimat und bewahrt gleichzeitig das reiche Erbe einer mehr als 1.000 Jahre w\u00e4hrenden Geschichte. Frankfurt ist eine Gro\u00dfstadt, aber mit fu\u00dfl\u00e4ufigen Ausma\u00dfen. Ein Zuhause f\u00fcr Traditionalisten und Utopisten. Mit Altbekanntem, das sich immer wieder zu etwas Neuem f\u00fcgt. Aus Gegens\u00e4tzen w\u00e4chst hier eine Einheit.","robots":{"index":"index","follow":"follow","max-snippet":"max-snippet:-1","max-image-preview":"max-image-preview:large","max-video-preview":"max-video-preview:-1"},"canonical":"https:\/\/www.4frankfurt.de\/de\/lage-umfeld\/","og_locale":"de_DE","og_type":"article","og_title":"FOUR FRANKFURT | LAGE & UMFELD","og_description":"Keine andere deutsche Metropole strebt so in die H\u00f6he. Die Frankfurter Skyline steht mitten im Weltgeschehen. Die deutsche Metropole bietet vielen Sprachen und Kulturen eine Heimat und bewahrt gleichzeitig das reiche Erbe einer mehr als 1.000 Jahre w\u00e4hrenden Geschichte. Frankfurt ist eine Gro\u00dfstadt, aber mit fu\u00dfl\u00e4ufigen Ausma\u00dfen. Ein Zuhause f\u00fcr Traditionalisten und Utopisten. Mit Altbekanntem, das sich immer wieder zu etwas Neuem f\u00fcgt. Aus Gegens\u00e4tzen w\u00e4chst hier eine Einheit.","og_url":"https:\/\/www.4frankfurt.de\/de\/lage-umfeld\/","og_site_name":"FOUR FRANKFURT","og_image":[{"width":1920,"height":1200,"url":"https:\/\/www.4frankfurt.de\/wp-content\/uploads\/img-lage-header-1920.jpg","type":"image\/jpeg"}],"twitter_card":"summary_large_image","twitter_title":"FOUR FRANKFURT | LAGE & UMFELD","twitter_description":"Keine andere deutsche Metropole strebt so in die H\u00f6he. Die Frankfurter Skyline steht mitten im Weltgeschehen. Die deutsche Metropole bietet vielen Sprachen und Kulturen eine Heimat und bewahrt gleichzeitig das reiche Erbe einer mehr als 1.000 Jahre w\u00e4hrenden Geschichte. Frankfurt ist eine Gro\u00dfstadt, aber mit fu\u00dfl\u00e4ufigen Ausma\u00dfen. Ein Zuhause f\u00fcr Traditionalisten und Utopisten. Mit Altbekanntem, das sich immer wieder zu etwas Neuem f\u00fcgt. Aus Gegens\u00e4tzen w\u00e4chst hier eine Einheit.","twitter_image":"https:\/\/www.4frankfurt.de\/wp-content\/uploads\/img-lage-header-1920.jpg","schema":{"@context":"https:\/\/schema.org","@graph":[{"@type":"WebPage","@id":"https:\/\/www.4frankfurt.de\/de\/lage-umfeld\/","url":"https:\/\/www.4frankfurt.de\/de\/lage-umfeld\/","name":"FOUR FRANKFURT | LAGE & UMFELD","isPartOf":{"@id":"https:\/\/www.4frankfurt.de\/en\/#website"},"datePublished":"2026-03-17T12:13:55+00:00","description":"Keine andere deutsche Metropole strebt so in die H\u00f6he. Die Frankfurter Skyline steht mitten im Weltgeschehen. Die deutsche Metropole bietet vielen Sprachen und Kulturen eine Heimat und bewahrt gleichzeitig das reiche Erbe einer mehr als 1.000 Jahre w\u00e4hrenden Geschichte. Frankfurt ist eine Gro\u00dfstadt, aber mit fu\u00dfl\u00e4ufigen Ausma\u00dfen. Ein Zuhause f\u00fcr Traditionalisten und Utopisten. Mit Altbekanntem, das sich immer wieder zu etwas Neuem f\u00fcgt. Aus Gegens\u00e4tzen w\u00e4chst hier eine Einheit.","breadcrumb":{"@id":"https:\/\/www.4frankfurt.de\/de\/lage-umfeld\/#breadcrumb"},"inLanguage":"de","potentialAction":[{"@type":"ReadAction","target":["https:\/\/www.4frankfurt.de\/de\/lage-umfeld\/"]}]},{"@type":"BreadcrumbList","@id":"https:\/\/www.4frankfurt.de\/de\/lage-umfeld\/#breadcrumb","itemListElement":[{"@type":"ListItem","position":1,"name":"Startseite","item":"https:\/\/www.4frankfurt.de\/en\/"},{"@type":"ListItem","position":2,"name":"LAGE &#038; UMFELD"}]},{"@type":"WebSite","@id":"https:\/\/www.4frankfurt.de\/en\/#website","url":"https:\/\/www.4frankfurt.de\/en\/","name":"FOUR FRANKFURT","description":"","potentialAction":[{"@type":"SearchAction","target":{"@type":"EntryPoint","urlTemplate":"https:\/\/www.4frankfurt.de\/en\/?s={search_term_string}"},"query-input":{"@type":"PropertyValueSpecification","valueRequired":true,"valueName":"search_term_string"}}],"inLanguage":"de"}]}},"_links":{"self":[{"href":"https:\/\/www.4frankfurt.de\/de\/wp-json\/wp\/v2\/pages\/784","targetHints":{"allow":["GET"]}}],"collection":[{"href":"https:\/\/www.4frankfurt.de\/de\/wp-json\/wp\/v2\/pages"}],"about":[{"href":"https:\/\/www.4frankfurt.de\/de\/wp-json\/wp\/v2\/types\/page"}],"author":[{"embeddable":true,"href":"https:\/\/www.4frankfurt.de\/de\/wp-json\/wp\/v2\/users\/6"}],"replies":[{"embeddable":true,"href":"https:\/\/www.4frankfurt.de\/de\/wp-json\/wp\/v2\/comments?post=784"}],"version-history":[{"count":1,"href":"https:\/\/www.4frankfurt.de\/de\/wp-json\/wp\/v2\/pages\/784\/revisions"}],"predecessor-version":[{"id":787,"href":"https:\/\/www.4frankfurt.de\/de\/wp-json\/wp\/v2\/pages\/784\/revisions\/787"}],"wp:attachment":[{"href":"https:\/\/www.4frankfurt.de\/de\/wp-json\/wp\/v2\/media?parent=784"}],"curies":[{"name":"wp","href":"https:\/\/api.w.org\/{rel}","templated":true}]}}