{"id":790,"date":"2026-03-17T13:18:38","date_gmt":"2026-03-17T12:18:38","guid":{"rendered":"http:\/\/four-v2.website.qaserver.local\/?page_id=790"},"modified":"2026-03-17T13:18:38","modified_gmt":"2026-03-17T12:18:38","slug":"office","status":"publish","type":"page","link":"https:\/\/www.4frankfurt.de\/de\/office\/","title":{"rendered":"OFFICE"},"content":{"rendered":"","protected":false},"excerpt":{"rendered":"","protected":false},"author":6,"featured_media":0,"parent":0,"menu_order":0,"comment_status":"closed","ping_status":"closed","template":"","meta":{"_acf_changed":false,"footnotes":""},"class_list":["post-790","page","type-page","status-publish","hentry"],"acf":[],"yoast_head":"<!-- This site is optimized with the Yoast SEO plugin v27.1.1 - https:\/\/yoast.com\/product\/yoast-seo-wordpress\/ -->\n<title>FOUR FRANKFURT | OFFICE<\/title>\n<meta name=\"description\" content=\"Es gibt viele gute Adressen \u2013 aber nur eine wirklich exklusive: FOUR ist das B\u00fcro in der Skyline. Eine atemberaubende Lage mit Prestige und maximaler Sichtbarkeit. Auf 55 Etagen. Mitten in der City. Mitten im Leben. Arbeit wird im FOUR zum Ausdruck eines Lebensgef\u00fchls. Freiheit, Offenheit und Transparenz, aber auch h\u00f6chste Anspr\u00fcche definieren die vision\u00e4ren Arbeitswelten. Kreieren Sie in den weitl\u00e4ufigen Etagen Ihre Pl\u00e4tze der Begegnung, der Inspiration und der Kommunikation \u2013 gern auch direkt in der Fassade. Oder schaffen Sie stille R\u00fcckzugsorte f\u00fcr die Momente der Konzentration \u2013 allein mit dem grandiosen Panorama der Stadt.\" \/>\n<meta name=\"robots\" content=\"index, follow, max-snippet:-1, max-image-preview:large, max-video-preview:-1\" \/>\n<link rel=\"canonical\" href=\"https:\/\/www.4frankfurt.de\/de\/office\/\" \/>\n<meta property=\"og:locale\" content=\"de_DE\" \/>\n<meta property=\"og:type\" content=\"article\" \/>\n<meta property=\"og:title\" content=\"FOUR FRANKFURT | OFFICE\" \/>\n<meta property=\"og:description\" content=\"Es gibt viele gute Adressen \u2013 aber nur eine wirklich exklusive: FOUR ist das B\u00fcro in der Skyline. Eine atemberaubende Lage mit Prestige und maximaler Sichtbarkeit. Auf 55 Etagen. Mitten in der City. Mitten im Leben. Arbeit wird im FOUR zum Ausdruck eines Lebensgef\u00fchls. Freiheit, Offenheit und Transparenz, aber auch h\u00f6chste Anspr\u00fcche definieren die vision\u00e4ren Arbeitswelten. Kreieren Sie in den weitl\u00e4ufigen Etagen Ihre Pl\u00e4tze der Begegnung, der Inspiration und der Kommunikation \u2013 gern auch direkt in der Fassade. Oder schaffen Sie stille R\u00fcckzugsorte f\u00fcr die Momente der Konzentration \u2013 allein mit dem grandiosen Panorama der Stadt.\" \/>\n<meta property=\"og:url\" content=\"https:\/\/www.4frankfurt.de\/de\/office\/\" \/>\n<meta property=\"og:site_name\" content=\"FOUR FRANKFURT\" \/>\n<meta property=\"og:image\" content=\"https:\/\/www.4frankfurt.de\/wp-content\/uploads\/img-office-header-1920.jpg\" \/>\n\t<meta property=\"og:image:width\" content=\"1920\" \/>\n\t<meta property=\"og:image:height\" content=\"1200\" \/>\n\t<meta property=\"og:image:type\" content=\"image\/jpeg\" \/>\n<meta name=\"twitter:card\" content=\"summary_large_image\" \/>\n<meta name=\"twitter:title\" content=\"FOUR FRANKFURT | OFFICE\" \/>\n<meta name=\"twitter:description\" content=\"Es gibt viele gute Adressen \u2013 aber nur eine wirklich exklusive: FOUR ist das B\u00fcro in der Skyline. Eine atemberaubende Lage mit Prestige und maximaler Sichtbarkeit. Auf 55 Etagen. Mitten in der City. Mitten im Leben. Arbeit wird im FOUR zum Ausdruck eines Lebensgef\u00fchls. Freiheit, Offenheit und Transparenz, aber auch h\u00f6chste Anspr\u00fcche definieren die vision\u00e4ren Arbeitswelten. Kreieren Sie in den weitl\u00e4ufigen Etagen Ihre Pl\u00e4tze der Begegnung, der Inspiration und der Kommunikation \u2013 gern auch direkt in der Fassade. Oder schaffen Sie stille R\u00fcckzugsorte f\u00fcr die Momente der Konzentration \u2013 allein mit dem grandiosen Panorama der Stadt.\" \/>\n<meta name=\"twitter:image\" content=\"https:\/\/www.4frankfurt.de\/wp-content\/uploads\/img-office-header-1920.jpg\" \/>\n<script type=\"application\/ld+json\" class=\"yoast-schema-graph\">{\"@context\":\"https:\/\/schema.org\",\"@graph\":[{\"@type\":\"WebPage\",\"@id\":\"https:\/\/www.4frankfurt.de\/de\/office\/\",\"url\":\"https:\/\/www.4frankfurt.de\/de\/office\/\",\"name\":\"FOUR FRANKFURT | OFFICE\",\"isPartOf\":{\"@id\":\"https:\/\/www.4frankfurt.de\/en\/#website\"},\"datePublished\":\"2026-03-17T12:18:38+00:00\",\"description\":\"Es gibt viele gute Adressen \u2013 aber nur eine wirklich exklusive: FOUR ist das B\u00fcro in der Skyline. Eine atemberaubende Lage mit Prestige und maximaler Sichtbarkeit. Auf 55 Etagen. Mitten in der City. Mitten im Leben. Arbeit wird im FOUR zum Ausdruck eines Lebensgef\u00fchls. Freiheit, Offenheit und Transparenz, aber auch h\u00f6chste Anspr\u00fcche definieren die vision\u00e4ren Arbeitswelten. Kreieren Sie in den weitl\u00e4ufigen Etagen Ihre Pl\u00e4tze der Begegnung, der Inspiration und der Kommunikation \u2013 gern auch direkt in der Fassade. Oder schaffen Sie stille R\u00fcckzugsorte f\u00fcr die Momente der Konzentration \u2013 allein mit dem grandiosen Panorama der Stadt.\",\"breadcrumb\":{\"@id\":\"https:\/\/www.4frankfurt.de\/de\/office\/#breadcrumb\"},\"inLanguage\":\"de\",\"potentialAction\":[{\"@type\":\"ReadAction\",\"target\":[\"https:\/\/www.4frankfurt.de\/de\/office\/\"]}]},{\"@type\":\"BreadcrumbList\",\"@id\":\"https:\/\/www.4frankfurt.de\/de\/office\/#breadcrumb\",\"itemListElement\":[{\"@type\":\"ListItem\",\"position\":1,\"name\":\"Startseite\",\"item\":\"https:\/\/www.4frankfurt.de\/en\/\"},{\"@type\":\"ListItem\",\"position\":2,\"name\":\"OFFICE\"}]},{\"@type\":\"WebSite\",\"@id\":\"https:\/\/www.4frankfurt.de\/en\/#website\",\"url\":\"https:\/\/www.4frankfurt.de\/en\/\",\"name\":\"FOUR FRANKFURT\",\"description\":\"\",\"potentialAction\":[{\"@type\":\"SearchAction\",\"target\":{\"@type\":\"EntryPoint\",\"urlTemplate\":\"https:\/\/www.4frankfurt.de\/en\/?s={search_term_string}\"},\"query-input\":{\"@type\":\"PropertyValueSpecification\",\"valueRequired\":true,\"valueName\":\"search_term_string\"}}],\"inLanguage\":\"de\"}]}<\/script>\n<!-- \/ Yoast SEO plugin. -->","yoast_head_json":{"title":"FOUR FRANKFURT | OFFICE","description":"Es gibt viele gute Adressen \u2013 aber nur eine wirklich exklusive: FOUR ist das B\u00fcro in der Skyline. Eine atemberaubende Lage mit Prestige und maximaler Sichtbarkeit. Auf 55 Etagen. Mitten in der City. Mitten im Leben. Arbeit wird im FOUR zum Ausdruck eines Lebensgef\u00fchls. Freiheit, Offenheit und Transparenz, aber auch h\u00f6chste Anspr\u00fcche definieren die vision\u00e4ren Arbeitswelten. Kreieren Sie in den weitl\u00e4ufigen Etagen Ihre Pl\u00e4tze der Begegnung, der Inspiration und der Kommunikation \u2013 gern auch direkt in der Fassade. Oder schaffen Sie stille R\u00fcckzugsorte f\u00fcr die Momente der Konzentration \u2013 allein mit dem grandiosen Panorama der Stadt.","robots":{"index":"index","follow":"follow","max-snippet":"max-snippet:-1","max-image-preview":"max-image-preview:large","max-video-preview":"max-video-preview:-1"},"canonical":"https:\/\/www.4frankfurt.de\/de\/office\/","og_locale":"de_DE","og_type":"article","og_title":"FOUR FRANKFURT | OFFICE","og_description":"Es gibt viele gute Adressen \u2013 aber nur eine wirklich exklusive: FOUR ist das B\u00fcro in der Skyline. Eine atemberaubende Lage mit Prestige und maximaler Sichtbarkeit. Auf 55 Etagen. Mitten in der City. Mitten im Leben. Arbeit wird im FOUR zum Ausdruck eines Lebensgef\u00fchls. Freiheit, Offenheit und Transparenz, aber auch h\u00f6chste Anspr\u00fcche definieren die vision\u00e4ren Arbeitswelten. Kreieren Sie in den weitl\u00e4ufigen Etagen Ihre Pl\u00e4tze der Begegnung, der Inspiration und der Kommunikation \u2013 gern auch direkt in der Fassade. Oder schaffen Sie stille R\u00fcckzugsorte f\u00fcr die Momente der Konzentration \u2013 allein mit dem grandiosen Panorama der Stadt.","og_url":"https:\/\/www.4frankfurt.de\/de\/office\/","og_site_name":"FOUR FRANKFURT","og_image":[{"width":1920,"height":1200,"url":"https:\/\/www.4frankfurt.de\/wp-content\/uploads\/img-office-header-1920.jpg","type":"image\/jpeg"}],"twitter_card":"summary_large_image","twitter_title":"FOUR FRANKFURT | OFFICE","twitter_description":"Es gibt viele gute Adressen \u2013 aber nur eine wirklich exklusive: FOUR ist das B\u00fcro in der Skyline. Eine atemberaubende Lage mit Prestige und maximaler Sichtbarkeit. Auf 55 Etagen. Mitten in der City. Mitten im Leben. Arbeit wird im FOUR zum Ausdruck eines Lebensgef\u00fchls. Freiheit, Offenheit und Transparenz, aber auch h\u00f6chste Anspr\u00fcche definieren die vision\u00e4ren Arbeitswelten. Kreieren Sie in den weitl\u00e4ufigen Etagen Ihre Pl\u00e4tze der Begegnung, der Inspiration und der Kommunikation \u2013 gern auch direkt in der Fassade. Oder schaffen Sie stille R\u00fcckzugsorte f\u00fcr die Momente der Konzentration \u2013 allein mit dem grandiosen Panorama der Stadt.","twitter_image":"https:\/\/www.4frankfurt.de\/wp-content\/uploads\/img-office-header-1920.jpg","schema":{"@context":"https:\/\/schema.org","@graph":[{"@type":"WebPage","@id":"https:\/\/www.4frankfurt.de\/de\/office\/","url":"https:\/\/www.4frankfurt.de\/de\/office\/","name":"FOUR FRANKFURT | OFFICE","isPartOf":{"@id":"https:\/\/www.4frankfurt.de\/en\/#website"},"datePublished":"2026-03-17T12:18:38+00:00","description":"Es gibt viele gute Adressen \u2013 aber nur eine wirklich exklusive: FOUR ist das B\u00fcro in der Skyline. Eine atemberaubende Lage mit Prestige und maximaler Sichtbarkeit. Auf 55 Etagen. Mitten in der City. Mitten im Leben. Arbeit wird im FOUR zum Ausdruck eines Lebensgef\u00fchls. Freiheit, Offenheit und Transparenz, aber auch h\u00f6chste Anspr\u00fcche definieren die vision\u00e4ren Arbeitswelten. Kreieren Sie in den weitl\u00e4ufigen Etagen Ihre Pl\u00e4tze der Begegnung, der Inspiration und der Kommunikation \u2013 gern auch direkt in der Fassade. Oder schaffen Sie stille R\u00fcckzugsorte f\u00fcr die Momente der Konzentration \u2013 allein mit dem grandiosen Panorama der Stadt.","breadcrumb":{"@id":"https:\/\/www.4frankfurt.de\/de\/office\/#breadcrumb"},"inLanguage":"de","potentialAction":[{"@type":"ReadAction","target":["https:\/\/www.4frankfurt.de\/de\/office\/"]}]},{"@type":"BreadcrumbList","@id":"https:\/\/www.4frankfurt.de\/de\/office\/#breadcrumb","itemListElement":[{"@type":"ListItem","position":1,"name":"Startseite","item":"https:\/\/www.4frankfurt.de\/en\/"},{"@type":"ListItem","position":2,"name":"OFFICE"}]},{"@type":"WebSite","@id":"https:\/\/www.4frankfurt.de\/en\/#website","url":"https:\/\/www.4frankfurt.de\/en\/","name":"FOUR FRANKFURT","description":"","potentialAction":[{"@type":"SearchAction","target":{"@type":"EntryPoint","urlTemplate":"https:\/\/www.4frankfurt.de\/en\/?s={search_term_string}"},"query-input":{"@type":"PropertyValueSpecification","valueRequired":true,"valueName":"search_term_string"}}],"inLanguage":"de"}]}},"_links":{"self":[{"href":"https:\/\/www.4frankfurt.de\/de\/wp-json\/wp\/v2\/pages\/790","targetHints":{"allow":["GET"]}}],"collection":[{"href":"https:\/\/www.4frankfurt.de\/de\/wp-json\/wp\/v2\/pages"}],"about":[{"href":"https:\/\/www.4frankfurt.de\/de\/wp-json\/wp\/v2\/types\/page"}],"author":[{"embeddable":true,"href":"https:\/\/www.4frankfurt.de\/de\/wp-json\/wp\/v2\/users\/6"}],"replies":[{"embeddable":true,"href":"https:\/\/www.4frankfurt.de\/de\/wp-json\/wp\/v2\/comments?post=790"}],"version-history":[{"count":1,"href":"https:\/\/www.4frankfurt.de\/de\/wp-json\/wp\/v2\/pages\/790\/revisions"}],"predecessor-version":[{"id":793,"href":"https:\/\/www.4frankfurt.de\/de\/wp-json\/wp\/v2\/pages\/790\/revisions\/793"}],"wp:attachment":[{"href":"https:\/\/www.4frankfurt.de\/de\/wp-json\/wp\/v2\/media?parent=790"}],"curies":[{"name":"wp","href":"https:\/\/api.w.org\/{rel}","templated":true}]}}