{"id":796,"date":"2026-03-17T13:21:31","date_gmt":"2026-03-17T12:21:31","guid":{"rendered":"http:\/\/four-v2.website.qaserver.local\/?page_id=796"},"modified":"2026-03-17T13:21:31","modified_gmt":"2026-03-17T12:21:31","slug":"urban","status":"publish","type":"page","link":"https:\/\/www.4frankfurt.de\/de\/urban\/","title":{"rendered":"URBAN"},"content":{"rendered":"","protected":false},"excerpt":{"rendered":"","protected":false},"author":6,"featured_media":0,"parent":0,"menu_order":0,"comment_status":"closed","ping_status":"closed","template":"","meta":{"_acf_changed":false,"footnotes":""},"class_list":["post-796","page","type-page","status-publish","hentry"],"acf":[],"yoast_head":"<!-- This site is optimized with the Yoast SEO plugin v27.1.1 - https:\/\/yoast.com\/product\/yoast-seo-wordpress\/ -->\n<title>FOUR FRANKFURT | URBAN<\/title>\n<meta name=\"description\" content=\"Im FOUR schl\u00e4gt das Herz der Stadt h\u00f6her. Die futuristischen Fassaden, belebten Wege und Pl\u00e4tze erzeugen eine aufregende Atmosph\u00e4re. Sie elektrisiert. Sie begeistert. Sie inspiriert. Sie verbindet die Menschen. FOUR weckt Emotionen und wird zum Magneten der City. Erleben Sie die Stadt in einer neuen Dimension. Zu jeder Stunde des Tages \u2013 und der Nacht.\" \/>\n<meta name=\"robots\" content=\"index, follow, max-snippet:-1, max-image-preview:large, max-video-preview:-1\" \/>\n<link rel=\"canonical\" href=\"https:\/\/www.4frankfurt.de\/de\/urban\/\" \/>\n<meta property=\"og:locale\" content=\"de_DE\" \/>\n<meta property=\"og:type\" content=\"article\" \/>\n<meta property=\"og:title\" content=\"FOUR FRANKFURT | URBAN\" \/>\n<meta property=\"og:description\" content=\"Im FOUR schl\u00e4gt das Herz der Stadt h\u00f6her. Die futuristischen Fassaden, belebten Wege und Pl\u00e4tze erzeugen eine aufregende Atmosph\u00e4re. Sie elektrisiert. Sie begeistert. Sie inspiriert. Sie verbindet die Menschen. FOUR weckt Emotionen und wird zum Magneten der City. Erleben Sie die Stadt in einer neuen Dimension. Zu jeder Stunde des Tages \u2013 und der Nacht.\" \/>\n<meta property=\"og:url\" content=\"https:\/\/www.4frankfurt.de\/de\/urban\/\" \/>\n<meta property=\"og:site_name\" content=\"FOUR FRANKFURT\" \/>\n<meta property=\"og:image\" content=\"https:\/\/www.4frankfurt.de\/wp-content\/uploads\/img-urban-header-1920.jpg\" \/>\n\t<meta property=\"og:image:width\" content=\"1920\" \/>\n\t<meta property=\"og:image:height\" content=\"1200\" \/>\n\t<meta property=\"og:image:type\" content=\"image\/jpeg\" \/>\n<meta name=\"twitter:card\" content=\"summary_large_image\" \/>\n<meta name=\"twitter:title\" content=\"FOUR FRANKFURT | URBAN\" \/>\n<meta name=\"twitter:description\" content=\"Im FOUR schl\u00e4gt das Herz der Stadt h\u00f6her. Die futuristischen Fassaden, belebten Wege und Pl\u00e4tze erzeugen eine aufregende Atmosph\u00e4re. Sie elektrisiert. Sie begeistert. Sie inspiriert. Sie verbindet die Menschen. FOUR weckt Emotionen und wird zum Magneten der City. Erleben Sie die Stadt in einer neuen Dimension. Zu jeder Stunde des Tages \u2013 und der Nacht.\" \/>\n<meta name=\"twitter:image\" content=\"https:\/\/www.4frankfurt.de\/wp-content\/uploads\/img-urban-header-1920.jpg\" \/>\n<script type=\"application\/ld+json\" class=\"yoast-schema-graph\">{\"@context\":\"https:\/\/schema.org\",\"@graph\":[{\"@type\":\"WebPage\",\"@id\":\"https:\/\/www.4frankfurt.de\/de\/urban\/\",\"url\":\"https:\/\/www.4frankfurt.de\/de\/urban\/\",\"name\":\"FOUR FRANKFURT | URBAN\",\"isPartOf\":{\"@id\":\"https:\/\/www.4frankfurt.de\/en\/#website\"},\"datePublished\":\"2026-03-17T12:21:31+00:00\",\"description\":\"Im FOUR schl\u00e4gt das Herz der Stadt h\u00f6her. Die futuristischen Fassaden, belebten Wege und Pl\u00e4tze erzeugen eine aufregende Atmosph\u00e4re. Sie elektrisiert. Sie begeistert. Sie inspiriert. Sie verbindet die Menschen. FOUR weckt Emotionen und wird zum Magneten der City. Erleben Sie die Stadt in einer neuen Dimension. Zu jeder Stunde des Tages \u2013 und der Nacht.\",\"breadcrumb\":{\"@id\":\"https:\/\/www.4frankfurt.de\/de\/urban\/#breadcrumb\"},\"inLanguage\":\"de\",\"potentialAction\":[{\"@type\":\"ReadAction\",\"target\":[\"https:\/\/www.4frankfurt.de\/de\/urban\/\"]}]},{\"@type\":\"BreadcrumbList\",\"@id\":\"https:\/\/www.4frankfurt.de\/de\/urban\/#breadcrumb\",\"itemListElement\":[{\"@type\":\"ListItem\",\"position\":1,\"name\":\"Startseite\",\"item\":\"https:\/\/www.4frankfurt.de\/en\/\"},{\"@type\":\"ListItem\",\"position\":2,\"name\":\"URBAN\"}]},{\"@type\":\"WebSite\",\"@id\":\"https:\/\/www.4frankfurt.de\/en\/#website\",\"url\":\"https:\/\/www.4frankfurt.de\/en\/\",\"name\":\"FOUR FRANKFURT\",\"description\":\"\",\"potentialAction\":[{\"@type\":\"SearchAction\",\"target\":{\"@type\":\"EntryPoint\",\"urlTemplate\":\"https:\/\/www.4frankfurt.de\/en\/?s={search_term_string}\"},\"query-input\":{\"@type\":\"PropertyValueSpecification\",\"valueRequired\":true,\"valueName\":\"search_term_string\"}}],\"inLanguage\":\"de\"}]}<\/script>\n<!-- \/ Yoast SEO plugin. -->","yoast_head_json":{"title":"FOUR FRANKFURT | URBAN","description":"Im FOUR schl\u00e4gt das Herz der Stadt h\u00f6her. Die futuristischen Fassaden, belebten Wege und Pl\u00e4tze erzeugen eine aufregende Atmosph\u00e4re. Sie elektrisiert. Sie begeistert. Sie inspiriert. Sie verbindet die Menschen. FOUR weckt Emotionen und wird zum Magneten der City. Erleben Sie die Stadt in einer neuen Dimension. Zu jeder Stunde des Tages \u2013 und der Nacht.","robots":{"index":"index","follow":"follow","max-snippet":"max-snippet:-1","max-image-preview":"max-image-preview:large","max-video-preview":"max-video-preview:-1"},"canonical":"https:\/\/www.4frankfurt.de\/de\/urban\/","og_locale":"de_DE","og_type":"article","og_title":"FOUR FRANKFURT | URBAN","og_description":"Im FOUR schl\u00e4gt das Herz der Stadt h\u00f6her. Die futuristischen Fassaden, belebten Wege und Pl\u00e4tze erzeugen eine aufregende Atmosph\u00e4re. Sie elektrisiert. Sie begeistert. Sie inspiriert. Sie verbindet die Menschen. FOUR weckt Emotionen und wird zum Magneten der City. Erleben Sie die Stadt in einer neuen Dimension. Zu jeder Stunde des Tages \u2013 und der Nacht.","og_url":"https:\/\/www.4frankfurt.de\/de\/urban\/","og_site_name":"FOUR FRANKFURT","og_image":[{"width":1920,"height":1200,"url":"https:\/\/www.4frankfurt.de\/wp-content\/uploads\/img-urban-header-1920.jpg","type":"image\/jpeg"}],"twitter_card":"summary_large_image","twitter_title":"FOUR FRANKFURT | URBAN","twitter_description":"Im FOUR schl\u00e4gt das Herz der Stadt h\u00f6her. Die futuristischen Fassaden, belebten Wege und Pl\u00e4tze erzeugen eine aufregende Atmosph\u00e4re. Sie elektrisiert. Sie begeistert. Sie inspiriert. Sie verbindet die Menschen. FOUR weckt Emotionen und wird zum Magneten der City. Erleben Sie die Stadt in einer neuen Dimension. Zu jeder Stunde des Tages \u2013 und der Nacht.","twitter_image":"https:\/\/www.4frankfurt.de\/wp-content\/uploads\/img-urban-header-1920.jpg","schema":{"@context":"https:\/\/schema.org","@graph":[{"@type":"WebPage","@id":"https:\/\/www.4frankfurt.de\/de\/urban\/","url":"https:\/\/www.4frankfurt.de\/de\/urban\/","name":"FOUR FRANKFURT | URBAN","isPartOf":{"@id":"https:\/\/www.4frankfurt.de\/en\/#website"},"datePublished":"2026-03-17T12:21:31+00:00","description":"Im FOUR schl\u00e4gt das Herz der Stadt h\u00f6her. Die futuristischen Fassaden, belebten Wege und Pl\u00e4tze erzeugen eine aufregende Atmosph\u00e4re. Sie elektrisiert. Sie begeistert. Sie inspiriert. Sie verbindet die Menschen. FOUR weckt Emotionen und wird zum Magneten der City. Erleben Sie die Stadt in einer neuen Dimension. Zu jeder Stunde des Tages \u2013 und der Nacht.","breadcrumb":{"@id":"https:\/\/www.4frankfurt.de\/de\/urban\/#breadcrumb"},"inLanguage":"de","potentialAction":[{"@type":"ReadAction","target":["https:\/\/www.4frankfurt.de\/de\/urban\/"]}]},{"@type":"BreadcrumbList","@id":"https:\/\/www.4frankfurt.de\/de\/urban\/#breadcrumb","itemListElement":[{"@type":"ListItem","position":1,"name":"Startseite","item":"https:\/\/www.4frankfurt.de\/en\/"},{"@type":"ListItem","position":2,"name":"URBAN"}]},{"@type":"WebSite","@id":"https:\/\/www.4frankfurt.de\/en\/#website","url":"https:\/\/www.4frankfurt.de\/en\/","name":"FOUR FRANKFURT","description":"","potentialAction":[{"@type":"SearchAction","target":{"@type":"EntryPoint","urlTemplate":"https:\/\/www.4frankfurt.de\/en\/?s={search_term_string}"},"query-input":{"@type":"PropertyValueSpecification","valueRequired":true,"valueName":"search_term_string"}}],"inLanguage":"de"}]}},"_links":{"self":[{"href":"https:\/\/www.4frankfurt.de\/de\/wp-json\/wp\/v2\/pages\/796","targetHints":{"allow":["GET"]}}],"collection":[{"href":"https:\/\/www.4frankfurt.de\/de\/wp-json\/wp\/v2\/pages"}],"about":[{"href":"https:\/\/www.4frankfurt.de\/de\/wp-json\/wp\/v2\/types\/page"}],"author":[{"embeddable":true,"href":"https:\/\/www.4frankfurt.de\/de\/wp-json\/wp\/v2\/users\/6"}],"replies":[{"embeddable":true,"href":"https:\/\/www.4frankfurt.de\/de\/wp-json\/wp\/v2\/comments?post=796"}],"version-history":[{"count":1,"href":"https:\/\/www.4frankfurt.de\/de\/wp-json\/wp\/v2\/pages\/796\/revisions"}],"predecessor-version":[{"id":799,"href":"https:\/\/www.4frankfurt.de\/de\/wp-json\/wp\/v2\/pages\/796\/revisions\/799"}],"wp:attachment":[{"href":"https:\/\/www.4frankfurt.de\/de\/wp-json\/wp\/v2\/media?parent=796"}],"curies":[{"name":"wp","href":"https:\/\/api.w.org\/{rel}","templated":true}]}}