{"id":832,"date":"2026-03-18T15:13:58","date_gmt":"2026-03-18T14:13:58","guid":{"rendered":"http:\/\/four-v2.website.qaserver.local\/?page_id=832"},"modified":"2026-03-18T15:29:18","modified_gmt":"2026-03-18T14:29:18","slug":"home","status":"publish","type":"page","link":"https:\/\/www.4frankfurt.de\/de\/home\/","title":{"rendered":"LEBE DIE STADT"},"content":{"rendered":"","protected":false},"excerpt":{"rendered":"","protected":false},"author":6,"featured_media":0,"parent":0,"menu_order":0,"comment_status":"closed","ping_status":"closed","template":"","meta":{"_acf_changed":false,"footnotes":""},"class_list":["post-832","page","type-page","status-publish","hentry"],"acf":[],"yoast_head":"<!-- This site is optimized with the Yoast SEO plugin v27.1.1 - https:\/\/yoast.com\/product\/yoast-seo-wordpress\/ -->\n<title>FOUR FRANKFURT | LEBE DIE STADT<\/title>\n<meta name=\"description\" content=\"FOUR ist die Vision einer neuen Stadt. Vier einzigartige Hochh\u00e4user repr\u00e4sentieren eine Urbanit\u00e4t ohne Kompromisse. Sie pr\u00e4gen und ver\u00e4ndern das Gesicht der Metropole Frankfurt \u2013 mit einer zukunftsweisenden Architektur und einem nachhaltigen st\u00e4dtebaulichen Konzept. Inmitten der Skyline wachsen Nachbarschaften, in denen Leben, Wohnen und Arbeiten zusammenfinden. Lebensqualit\u00e4t erf\u00e4hrt eine moderne Interpretation \u2013 nachhaltig, hochwertig, lebendig und international.\" \/>\n<meta name=\"robots\" content=\"index, follow, max-snippet:-1, max-image-preview:large, max-video-preview:-1\" \/>\n<link rel=\"canonical\" href=\"https:\/\/www.4frankfurt.de\/de\/home\/\" \/>\n<meta property=\"og:locale\" content=\"de_DE\" \/>\n<meta property=\"og:type\" content=\"article\" \/>\n<meta property=\"og:title\" content=\"FOUR FRANKFURT | LEBE DIE STADT\" \/>\n<meta property=\"og:description\" content=\"FOUR ist die Vision einer neuen Stadt. Vier einzigartige Hochh\u00e4user repr\u00e4sentieren eine Urbanit\u00e4t ohne Kompromisse. Sie pr\u00e4gen und ver\u00e4ndern das Gesicht der Metropole Frankfurt \u2013 mit einer zukunftsweisenden Architektur und einem nachhaltigen st\u00e4dtebaulichen Konzept. Inmitten der Skyline wachsen Nachbarschaften, in denen Leben, Wohnen und Arbeiten zusammenfinden. Lebensqualit\u00e4t erf\u00e4hrt eine moderne Interpretation \u2013 nachhaltig, hochwertig, lebendig und international.\" \/>\n<meta property=\"og:url\" content=\"https:\/\/www.4frankfurt.de\/de\/home\/\" \/>\n<meta property=\"og:site_name\" content=\"FOUR FRANKFURT\" \/>\n<meta property=\"article:modified_time\" content=\"2026-03-18T14:29:18+00:00\" \/>\n<meta property=\"og:image\" content=\"https:\/\/www.4frankfurt.de\/wp-content\/uploads\/img-home-header-old-1920.jpg\" \/>\n\t<meta property=\"og:image:width\" content=\"1920\" \/>\n\t<meta property=\"og:image:height\" content=\"1200\" \/>\n\t<meta property=\"og:image:type\" content=\"image\/jpeg\" \/>\n<meta name=\"twitter:card\" content=\"summary_large_image\" \/>\n<meta name=\"twitter:title\" content=\"FOUR FRANKFURT | LEBE DIE STADT\" \/>\n<meta name=\"twitter:description\" content=\"FOUR ist die Vision einer neuen Stadt. Vier einzigartige Hochh\u00e4user repr\u00e4sentieren eine Urbanit\u00e4t ohne Kompromisse. Sie pr\u00e4gen und ver\u00e4ndern das Gesicht der Metropole Frankfurt \u2013 mit einer zukunftsweisenden Architektur und einem nachhaltigen st\u00e4dtebaulichen Konzept. Inmitten der Skyline wachsen Nachbarschaften, in denen Leben, Wohnen und Arbeiten zusammenfinden. Lebensqualit\u00e4t erf\u00e4hrt eine moderne Interpretation \u2013 nachhaltig, hochwertig, lebendig und international.\" \/>\n<meta name=\"twitter:image\" content=\"https:\/\/www.4frankfurt.de\/wp-content\/uploads\/img-home-header-old-1920.jpg\" \/>\n<script type=\"application\/ld+json\" class=\"yoast-schema-graph\">{\"@context\":\"https:\/\/schema.org\",\"@graph\":[{\"@type\":\"WebPage\",\"@id\":\"https:\/\/www.4frankfurt.de\/de\/home\/\",\"url\":\"https:\/\/www.4frankfurt.de\/de\/home\/\",\"name\":\"FOUR FRANKFURT | LEBE DIE STADT\",\"isPartOf\":{\"@id\":\"https:\/\/www.4frankfurt.de\/en\/#website\"},\"datePublished\":\"2026-03-18T14:13:58+00:00\",\"dateModified\":\"2026-03-18T14:29:18+00:00\",\"description\":\"FOUR ist die Vision einer neuen Stadt. Vier einzigartige Hochh\u00e4user repr\u00e4sentieren eine Urbanit\u00e4t ohne Kompromisse. Sie pr\u00e4gen und ver\u00e4ndern das Gesicht der Metropole Frankfurt \u2013 mit einer zukunftsweisenden Architektur und einem nachhaltigen st\u00e4dtebaulichen Konzept. Inmitten der Skyline wachsen Nachbarschaften, in denen Leben, Wohnen und Arbeiten zusammenfinden. Lebensqualit\u00e4t erf\u00e4hrt eine moderne Interpretation \u2013 nachhaltig, hochwertig, lebendig und international.\",\"breadcrumb\":{\"@id\":\"https:\/\/www.4frankfurt.de\/de\/home\/#breadcrumb\"},\"inLanguage\":\"de\",\"potentialAction\":[{\"@type\":\"ReadAction\",\"target\":[\"https:\/\/www.4frankfurt.de\/de\/home\/\"]}]},{\"@type\":\"BreadcrumbList\",\"@id\":\"https:\/\/www.4frankfurt.de\/de\/home\/#breadcrumb\",\"itemListElement\":[{\"@type\":\"ListItem\",\"position\":1,\"name\":\"Startseite\",\"item\":\"https:\/\/www.4frankfurt.de\/en\/\"},{\"@type\":\"ListItem\",\"position\":2,\"name\":\"LEBE DIE STADT\"}]},{\"@type\":\"WebSite\",\"@id\":\"https:\/\/www.4frankfurt.de\/en\/#website\",\"url\":\"https:\/\/www.4frankfurt.de\/en\/\",\"name\":\"FOUR FRANKFURT\",\"description\":\"\",\"potentialAction\":[{\"@type\":\"SearchAction\",\"target\":{\"@type\":\"EntryPoint\",\"urlTemplate\":\"https:\/\/www.4frankfurt.de\/en\/?s={search_term_string}\"},\"query-input\":{\"@type\":\"PropertyValueSpecification\",\"valueRequired\":true,\"valueName\":\"search_term_string\"}}],\"inLanguage\":\"de\"}]}<\/script>\n<!-- \/ Yoast SEO plugin. -->","yoast_head_json":{"title":"FOUR FRANKFURT | LEBE DIE STADT","description":"FOUR ist die Vision einer neuen Stadt. Vier einzigartige Hochh\u00e4user repr\u00e4sentieren eine Urbanit\u00e4t ohne Kompromisse. Sie pr\u00e4gen und ver\u00e4ndern das Gesicht der Metropole Frankfurt \u2013 mit einer zukunftsweisenden Architektur und einem nachhaltigen st\u00e4dtebaulichen Konzept. Inmitten der Skyline wachsen Nachbarschaften, in denen Leben, Wohnen und Arbeiten zusammenfinden. Lebensqualit\u00e4t erf\u00e4hrt eine moderne Interpretation \u2013 nachhaltig, hochwertig, lebendig und international.","robots":{"index":"index","follow":"follow","max-snippet":"max-snippet:-1","max-image-preview":"max-image-preview:large","max-video-preview":"max-video-preview:-1"},"canonical":"https:\/\/www.4frankfurt.de\/de\/home\/","og_locale":"de_DE","og_type":"article","og_title":"FOUR FRANKFURT | LEBE DIE STADT","og_description":"FOUR ist die Vision einer neuen Stadt. Vier einzigartige Hochh\u00e4user repr\u00e4sentieren eine Urbanit\u00e4t ohne Kompromisse. Sie pr\u00e4gen und ver\u00e4ndern das Gesicht der Metropole Frankfurt \u2013 mit einer zukunftsweisenden Architektur und einem nachhaltigen st\u00e4dtebaulichen Konzept. Inmitten der Skyline wachsen Nachbarschaften, in denen Leben, Wohnen und Arbeiten zusammenfinden. Lebensqualit\u00e4t erf\u00e4hrt eine moderne Interpretation \u2013 nachhaltig, hochwertig, lebendig und international.","og_url":"https:\/\/www.4frankfurt.de\/de\/home\/","og_site_name":"FOUR FRANKFURT","article_modified_time":"2026-03-18T14:29:18+00:00","og_image":[{"width":1920,"height":1200,"url":"https:\/\/www.4frankfurt.de\/wp-content\/uploads\/img-home-header-old-1920.jpg","type":"image\/jpeg"}],"twitter_card":"summary_large_image","twitter_title":"FOUR FRANKFURT | LEBE DIE STADT","twitter_description":"FOUR ist die Vision einer neuen Stadt. Vier einzigartige Hochh\u00e4user repr\u00e4sentieren eine Urbanit\u00e4t ohne Kompromisse. Sie pr\u00e4gen und ver\u00e4ndern das Gesicht der Metropole Frankfurt \u2013 mit einer zukunftsweisenden Architektur und einem nachhaltigen st\u00e4dtebaulichen Konzept. Inmitten der Skyline wachsen Nachbarschaften, in denen Leben, Wohnen und Arbeiten zusammenfinden. Lebensqualit\u00e4t erf\u00e4hrt eine moderne Interpretation \u2013 nachhaltig, hochwertig, lebendig und international.","twitter_image":"https:\/\/www.4frankfurt.de\/wp-content\/uploads\/img-home-header-old-1920.jpg","schema":{"@context":"https:\/\/schema.org","@graph":[{"@type":"WebPage","@id":"https:\/\/www.4frankfurt.de\/de\/home\/","url":"https:\/\/www.4frankfurt.de\/de\/home\/","name":"FOUR FRANKFURT | LEBE DIE STADT","isPartOf":{"@id":"https:\/\/www.4frankfurt.de\/en\/#website"},"datePublished":"2026-03-18T14:13:58+00:00","dateModified":"2026-03-18T14:29:18+00:00","description":"FOUR ist die Vision einer neuen Stadt. Vier einzigartige Hochh\u00e4user repr\u00e4sentieren eine Urbanit\u00e4t ohne Kompromisse. Sie pr\u00e4gen und ver\u00e4ndern das Gesicht der Metropole Frankfurt \u2013 mit einer zukunftsweisenden Architektur und einem nachhaltigen st\u00e4dtebaulichen Konzept. Inmitten der Skyline wachsen Nachbarschaften, in denen Leben, Wohnen und Arbeiten zusammenfinden. Lebensqualit\u00e4t erf\u00e4hrt eine moderne Interpretation \u2013 nachhaltig, hochwertig, lebendig und international.","breadcrumb":{"@id":"https:\/\/www.4frankfurt.de\/de\/home\/#breadcrumb"},"inLanguage":"de","potentialAction":[{"@type":"ReadAction","target":["https:\/\/www.4frankfurt.de\/de\/home\/"]}]},{"@type":"BreadcrumbList","@id":"https:\/\/www.4frankfurt.de\/de\/home\/#breadcrumb","itemListElement":[{"@type":"ListItem","position":1,"name":"Startseite","item":"https:\/\/www.4frankfurt.de\/en\/"},{"@type":"ListItem","position":2,"name":"LEBE DIE STADT"}]},{"@type":"WebSite","@id":"https:\/\/www.4frankfurt.de\/en\/#website","url":"https:\/\/www.4frankfurt.de\/en\/","name":"FOUR FRANKFURT","description":"","potentialAction":[{"@type":"SearchAction","target":{"@type":"EntryPoint","urlTemplate":"https:\/\/www.4frankfurt.de\/en\/?s={search_term_string}"},"query-input":{"@type":"PropertyValueSpecification","valueRequired":true,"valueName":"search_term_string"}}],"inLanguage":"de"}]}},"_links":{"self":[{"href":"https:\/\/www.4frankfurt.de\/de\/wp-json\/wp\/v2\/pages\/832","targetHints":{"allow":["GET"]}}],"collection":[{"href":"https:\/\/www.4frankfurt.de\/de\/wp-json\/wp\/v2\/pages"}],"about":[{"href":"https:\/\/www.4frankfurt.de\/de\/wp-json\/wp\/v2\/types\/page"}],"author":[{"embeddable":true,"href":"https:\/\/www.4frankfurt.de\/de\/wp-json\/wp\/v2\/users\/6"}],"replies":[{"embeddable":true,"href":"https:\/\/www.4frankfurt.de\/de\/wp-json\/wp\/v2\/comments?post=832"}],"version-history":[{"count":1,"href":"https:\/\/www.4frankfurt.de\/de\/wp-json\/wp\/v2\/pages\/832\/revisions"}],"predecessor-version":[{"id":833,"href":"https:\/\/www.4frankfurt.de\/de\/wp-json\/wp\/v2\/pages\/832\/revisions\/833"}],"wp:attachment":[{"href":"https:\/\/www.4frankfurt.de\/de\/wp-json\/wp\/v2\/media?parent=832"}],"curies":[{"name":"wp","href":"https:\/\/api.w.org\/{rel}","templated":true}]}}